{"id":2086,"date":"2026-02-12T16:29:38","date_gmt":"2026-02-12T15:29:38","guid":{"rendered":"https:\/\/hotelparticulierwagram.com\/?page_id=2086"},"modified":"2026-02-12T16:36:29","modified_gmt":"2026-02-12T15:36:29","slug":"confirmation","status":"publish","type":"page","link":"https:\/\/hotelparticulierwagram.com\/en\/confirmation\/","title":{"rendered":"Confirmation formulaire de contact"},"content":{"rendered":"<div data-elementor-type=\"wp-page\" data-elementor-id=\"2086\" class=\"elementor elementor-2086\" data-elementor-post-type=\"page\">\n\t\t\t\t<div class=\"elementor-element elementor-element-a5f9b87 e-flex e-con-boxed e-con e-parent\" data-id=\"a5f9b87\" data-element_type=\"container\" data-e-type=\"container\" data-settings=\"{&quot;background_background&quot;:&quot;classic&quot;}\">\n\t\t\t\t\t<div class=\"e-con-inner\">\n\t\t\t\t<div class=\"elementor-element elementor-element-3ed1f42 elementor-widget elementor-widget-heading\" data-id=\"3ed1f42\" data-element_type=\"widget\" data-e-type=\"widget\" data-widget_type=\"heading.default\">\n\t\t\t\t\t<h2 class=\"elementor-heading-title elementor-size-default\">Thank you for your message!<\/h2>\t\t\t\t<\/div>\n\t\t\t\t<div class=\"elementor-element elementor-element-f2908a0 elementor-widget elementor-widget-text-editor\" data-id=\"f2908a0\" data-element_type=\"widget\" data-e-type=\"widget\" data-widget_type=\"text-editor.default\">\n\t\t\t\t\t\t\t\t\t<p>Your request has been sent.<br \/>We'll get back to you as soon as possible.<\/p><p>You'll be redirected to the home page shortly.<\/p><p>See you soon.<\/p>\t\t\t\t\t\t\t\t<\/div>\n\t\t\t\t<div class=\"elementor-element elementor-element-b9845b9 elementor-align-center elementor-widget elementor-widget-button\" data-id=\"b9845b9\" data-element_type=\"widget\" data-e-type=\"widget\" data-widget_type=\"button.default\">\n\t\t\t\t\t\t\t\t\t\t<a class=\"elementor-button elementor-button-link elementor-size-sm\" href=\"\/en\/le-lieu\/nos-espaces\/\">\n\t\t\t\t\t\t<span class=\"elementor-button-content-wrapper\">\n\t\t\t\t\t\t\t\t\t<span class=\"elementor-button-text\">Discover our spaces<\/span>\n\t\t\t\t\t<\/span>\n\t\t\t\t\t<\/a>\n\t\t\t\t\t\t\t\t<\/div>\n\t\t\t\t<div class=\"elementor-element elementor-element-3f2bed7 elementor-widget elementor-widget-html\" data-id=\"3f2bed7\" data-element_type=\"widget\" data-e-type=\"widget\" data-widget_type=\"html.default\">\n\t\t\t\t\t<script>\nsetTimeout(function() {\n    window.location.href = \"https:\/\/hotelparticulierwagram.com\";\n}, 15000); \/\/ 15000 ms = 30 secondes\n<\/script>\n\t\t\t\t<\/div>\n\t\t\t\t\t<\/div>\n\t\t\t\t<\/div>\n\t\t\t\t<\/div>","protected":false},"excerpt":{"rendered":"<p>Merci pour votre message ! Votre demande a bien \u00e9t\u00e9 envoy\u00e9e.Nous vous r\u00e9pondrons dans les plus brefs d\u00e9lais. Vous allez \u00eatre redirig\u00e9 vers la page d&rsquo;accueil d&rsquo;ici peu. \u00c0 tr\u00e8s bient\u00f4t. D\u00e9couvrir nos espaces<\/p>","protected":false},"author":1,"featured_media":0,"parent":0,"menu_order":0,"comment_status":"closed","ping_status":"closed","template":"elementor_header_footer","meta":{"_acf_changed":false,"footnotes":""},"class_list":["post-2086","page","type-page","status-publish","hentry"],"acf":[],"yoast_head":"<!-- This site is optimized with the Yoast SEO plugin v27.3 - https:\/\/yoast.com\/product\/yoast-seo-wordpress\/ -->\n<title>Confirmation formulaire de contact - Hotel particulier Wagram<\/title>\n<meta name=\"robots\" content=\"index, follow, max-snippet:-1, max-image-preview:large, max-video-preview:-1\" \/>\n<link rel=\"canonical\" href=\"https:\/\/hotelparticulierwagram.com\/en\/confirmation\/\" \/>\n<meta property=\"og:locale\" content=\"en_US\" \/>\n<meta property=\"og:type\" content=\"article\" \/>\n<meta property=\"og:title\" content=\"Confirmation formulaire de contact - Hotel particulier Wagram\" \/>\n<meta property=\"og:description\" content=\"Merci pour votre message ! Votre demande a bien \u00e9t\u00e9 envoy\u00e9e.Nous vous r\u00e9pondrons dans les plus brefs d\u00e9lais. Vous allez \u00eatre redirig\u00e9 vers la page d&rsquo;accueil d&rsquo;ici peu. \u00c0 tr\u00e8s bient\u00f4t. D\u00e9couvrir nos espaces\" \/>\n<meta property=\"og:url\" content=\"https:\/\/hotelparticulierwagram.com\/en\/confirmation\/\" \/>\n<meta property=\"og:site_name\" content=\"Hotel particulier Wagram\" \/>\n<meta property=\"article:modified_time\" content=\"2026-02-12T15:36:29+00:00\" \/>\n<meta name=\"twitter:card\" content=\"summary_large_image\" \/>\n<meta name=\"twitter:label1\" content=\"Est. reading time\" \/>\n\t<meta name=\"twitter:data1\" content=\"1 minute\" \/>\n<script type=\"application\/ld+json\" class=\"yoast-schema-graph\">{\"@context\":\"https:\\\/\\\/schema.org\",\"@graph\":[{\"@type\":\"WebPage\",\"@id\":\"https:\\\/\\\/hotelparticulierwagram.com\\\/confirmation\\\/\",\"url\":\"https:\\\/\\\/hotelparticulierwagram.com\\\/confirmation\\\/\",\"name\":\"Confirmation formulaire de contact - Hotel particulier Wagram\",\"isPartOf\":{\"@id\":\"https:\\\/\\\/hotelparticulierwagram.com\\\/#website\"},\"datePublished\":\"2026-02-12T15:29:38+00:00\",\"dateModified\":\"2026-02-12T15:36:29+00:00\",\"breadcrumb\":{\"@id\":\"https:\\\/\\\/hotelparticulierwagram.com\\\/confirmation\\\/#breadcrumb\"},\"inLanguage\":\"en-US\",\"potentialAction\":[{\"@type\":\"ReadAction\",\"target\":[\"https:\\\/\\\/hotelparticulierwagram.com\\\/confirmation\\\/\"]}]},{\"@type\":\"BreadcrumbList\",\"@id\":\"https:\\\/\\\/hotelparticulierwagram.com\\\/confirmation\\\/#breadcrumb\",\"itemListElement\":[{\"@type\":\"ListItem\",\"position\":1,\"name\":\"Accueil\",\"item\":\"https:\\\/\\\/hotelparticulierwagram.com\\\/\"},{\"@type\":\"ListItem\",\"position\":2,\"name\":\"Confirmation formulaire de contact\"}]},{\"@type\":\"WebSite\",\"@id\":\"https:\\\/\\\/hotelparticulierwagram.com\\\/#website\",\"url\":\"https:\\\/\\\/hotelparticulierwagram.com\\\/\",\"name\":\"Hotel particulier Wagram\",\"description\":\"\",\"publisher\":{\"@id\":\"https:\\\/\\\/hotelparticulierwagram.com\\\/#organization\"},\"potentialAction\":[{\"@type\":\"SearchAction\",\"target\":{\"@type\":\"EntryPoint\",\"urlTemplate\":\"https:\\\/\\\/hotelparticulierwagram.com\\\/?s={search_term_string}\"},\"query-input\":{\"@type\":\"PropertyValueSpecification\",\"valueRequired\":true,\"valueName\":\"search_term_string\"}}],\"inLanguage\":\"en-US\"},{\"@type\":\"Organization\",\"@id\":\"https:\\\/\\\/hotelparticulierwagram.com\\\/#organization\",\"name\":\"Hotel particulier Wagram\",\"url\":\"https:\\\/\\\/hotelparticulierwagram.com\\\/\",\"logo\":{\"@type\":\"ImageObject\",\"inLanguage\":\"en-US\",\"@id\":\"https:\\\/\\\/hotelparticulierwagram.com\\\/#\\\/schema\\\/logo\\\/image\\\/\",\"url\":\"https:\\\/\\\/hotelparticulierwagram.com\\\/wp-content\\\/uploads\\\/2025\\\/10\\\/hotel-particulier-wagram-logotype-signe-bleu-fond-clair.svg\",\"contentUrl\":\"https:\\\/\\\/hotelparticulierwagram.com\\\/wp-content\\\/uploads\\\/2025\\\/10\\\/hotel-particulier-wagram-logotype-signe-bleu-fond-clair.svg\",\"width\":57,\"height\":57,\"caption\":\"Hotel particulier Wagram\"},\"image\":{\"@id\":\"https:\\\/\\\/hotelparticulierwagram.com\\\/#\\\/schema\\\/logo\\\/image\\\/\"}}]}<\/script>\n<!-- \/ Yoast SEO plugin. -->","yoast_head_json":{"title":"Confirmation formulaire de contact - Hotel particulier Wagram","robots":{"index":"index","follow":"follow","max-snippet":"max-snippet:-1","max-image-preview":"max-image-preview:large","max-video-preview":"max-video-preview:-1"},"canonical":"https:\/\/hotelparticulierwagram.com\/en\/confirmation\/","og_locale":"en_US","og_type":"article","og_title":"Confirmation formulaire de contact - Hotel particulier Wagram","og_description":"Merci pour votre message ! Votre demande a bien \u00e9t\u00e9 envoy\u00e9e.Nous vous r\u00e9pondrons dans les plus brefs d\u00e9lais. Vous allez \u00eatre redirig\u00e9 vers la page d&rsquo;accueil d&rsquo;ici peu. \u00c0 tr\u00e8s bient\u00f4t. D\u00e9couvrir nos espaces","og_url":"https:\/\/hotelparticulierwagram.com\/en\/confirmation\/","og_site_name":"Hotel particulier Wagram","article_modified_time":"2026-02-12T15:36:29+00:00","twitter_card":"summary_large_image","twitter_misc":{"Est. reading time":"1 minute"},"schema":{"@context":"https:\/\/schema.org","@graph":[{"@type":"WebPage","@id":"https:\/\/hotelparticulierwagram.com\/confirmation\/","url":"https:\/\/hotelparticulierwagram.com\/confirmation\/","name":"Confirmation formulaire de contact - Hotel particulier Wagram","isPartOf":{"@id":"https:\/\/hotelparticulierwagram.com\/#website"},"datePublished":"2026-02-12T15:29:38+00:00","dateModified":"2026-02-12T15:36:29+00:00","breadcrumb":{"@id":"https:\/\/hotelparticulierwagram.com\/confirmation\/#breadcrumb"},"inLanguage":"en-US","potentialAction":[{"@type":"ReadAction","target":["https:\/\/hotelparticulierwagram.com\/confirmation\/"]}]},{"@type":"BreadcrumbList","@id":"https:\/\/hotelparticulierwagram.com\/confirmation\/#breadcrumb","itemListElement":[{"@type":"ListItem","position":1,"name":"Accueil","item":"https:\/\/hotelparticulierwagram.com\/"},{"@type":"ListItem","position":2,"name":"Confirmation formulaire de contact"}]},{"@type":"WebSite","@id":"https:\/\/hotelparticulierwagram.com\/#website","url":"https:\/\/hotelparticulierwagram.com\/","name":"Wagram private hotel","description":"","publisher":{"@id":"https:\/\/hotelparticulierwagram.com\/#organization"},"potentialAction":[{"@type":"SearchAction","target":{"@type":"EntryPoint","urlTemplate":"https:\/\/hotelparticulierwagram.com\/?s={search_term_string}"},"query-input":{"@type":"PropertyValueSpecification","valueRequired":true,"valueName":"search_term_string"}}],"inLanguage":"en-US"},{"@type":"Organization","@id":"https:\/\/hotelparticulierwagram.com\/#organization","name":"Wagram private hotel","url":"https:\/\/hotelparticulierwagram.com\/","logo":{"@type":"ImageObject","inLanguage":"en-US","@id":"https:\/\/hotelparticulierwagram.com\/#\/schema\/logo\/image\/","url":"https:\/\/hotelparticulierwagram.com\/wp-content\/uploads\/2025\/10\/hotel-particulier-wagram-logotype-signe-bleu-fond-clair.svg","contentUrl":"https:\/\/hotelparticulierwagram.com\/wp-content\/uploads\/2025\/10\/hotel-particulier-wagram-logotype-signe-bleu-fond-clair.svg","width":57,"height":57,"caption":"Hotel particulier Wagram"},"image":{"@id":"https:\/\/hotelparticulierwagram.com\/#\/schema\/logo\/image\/"}}]}},"_links":{"self":[{"href":"https:\/\/hotelparticulierwagram.com\/en\/wp-json\/wp\/v2\/pages\/2086","targetHints":{"allow":["GET"]}}],"collection":[{"href":"https:\/\/hotelparticulierwagram.com\/en\/wp-json\/wp\/v2\/pages"}],"about":[{"href":"https:\/\/hotelparticulierwagram.com\/en\/wp-json\/wp\/v2\/types\/page"}],"author":[{"embeddable":true,"href":"https:\/\/hotelparticulierwagram.com\/en\/wp-json\/wp\/v2\/users\/1"}],"replies":[{"embeddable":true,"href":"https:\/\/hotelparticulierwagram.com\/en\/wp-json\/wp\/v2\/comments?post=2086"}],"version-history":[{"count":19,"href":"https:\/\/hotelparticulierwagram.com\/en\/wp-json\/wp\/v2\/pages\/2086\/revisions"}],"predecessor-version":[{"id":2110,"href":"https:\/\/hotelparticulierwagram.com\/en\/wp-json\/wp\/v2\/pages\/2086\/revisions\/2110"}],"wp:attachment":[{"href":"https:\/\/hotelparticulierwagram.com\/en\/wp-json\/wp\/v2\/media?parent=2086"}],"curies":[{"name":"wp","href":"https:\/\/api.w.org\/{rel}","templated":true}]}}